{"id":2812,"date":"2025-12-18T21:49:06","date_gmt":"2025-12-18T21:49:06","guid":{"rendered":"https:\/\/www.vignoble-prouillac.com\/?page_id=2812"},"modified":"2025-12-18T21:50:30","modified_gmt":"2025-12-18T21:50:30","slug":"mentions-legales","status":"publish","type":"page","link":"https:\/\/www.vignoble-prouillac.com\/en\/mentions-legales\/","title":{"rendered":"Mentions l\u00e9gales"},"content":{"rendered":"<div data-elementor-type=\"wp-page\" data-elementor-id=\"2812\" class=\"elementor elementor-2812\">\n\t\t\t\t<div class=\"elementor-element elementor-element-a74f612 e-flex e-con-boxed e-con e-parent\" data-id=\"a74f612\" data-element_type=\"container\" data-e-type=\"container\">\n\t\t\t\t\t<div class=\"e-con-inner\">\n\t\t\t\t<div class=\"elementor-element elementor-element-f384d3f elementor-widget elementor-widget-heading\" data-id=\"f384d3f\" data-element_type=\"widget\" data-e-type=\"widget\" data-widget_type=\"heading.default\">\n\t\t\t\t\t<h2 class=\"elementor-heading-title elementor-size-default\"><span id=\"docs-internal-guid-a491b149-7fff-dc69-883e-421fca7c8895\" style=\"text-transform: none;white-space: normal;font-weight: normal\"><p dir=\"ltr\" style=\"line-height: 1.38;text-align: center;margin-top: 0pt;margin-bottom: 0pt\"><span style=\"font-size: 24pt;font-family: Calibri, sans-serif;font-weight: 700;vertical-align: baseline;white-space: pre-wrap\">MENTIONS L\u00c9GALES<\/span><\/p><br><p dir=\"ltr\" style=\"line-height: 1.38;text-align: justify;margin-top: 0pt;margin-bottom: 0pt\"><span style=\"font-size: 12pt;font-family: Calibri, sans-serif;vertical-align: baseline;white-space: pre-wrap\">Conform\u00e9ment aux dispositions de la loi n\u00b0 2004-575 du 21 juin 2004 pour la confiance en l'\u00e9conomie num\u00e9rique, il est pr\u00e9cis\u00e9 aux utilisateurs du site vignoble prouillac l'identit\u00e9 des diff\u00e9rents intervenants dans le cadre de sa r\u00e9alisation et de son suivi.<\/span><\/p><br><p dir=\"ltr\" style=\"line-height: 1.38;text-align: justify;margin-top: 0pt;margin-bottom: 0pt\"><span style=\"font-size: 18pt;font-family: Calibri, sans-serif;font-weight: 700;vertical-align: baseline;white-space: pre-wrap\">Edition du site&nbsp;<\/span><\/p><br><p dir=\"ltr\" style=\"line-height: 1.38;text-indent: 36pt;text-align: justify;margin-top: 0pt;margin-bottom: 0pt\"><span style=\"font-size: 12pt;font-family: Calibri, sans-serif;vertical-align: baseline;white-space: pre-wrap\">Le pr\u00e9sent site, accessible \u00e0 l\u2019URL www.vignoble-prouillac.com (le \u00ab Site \u00bb), est \u00e9dit\u00e9 par :<\/span><\/p><p dir=\"ltr\" style=\"line-height: 1.38;margin-left: 36pt;text-align: justify;margin-top: 0pt;margin-bottom: 0pt\"><span style=\"font-size: 12pt;font-family: Calibri, sans-serif;font-style: italic;vertical-align: baseline;white-space: pre-wrap\"><br><\/span><span style=\"font-size: 12pt;font-family: Calibri, sans-serif;vertical-align: baseline;white-space: pre-wrap\">VIGNOBLE PROUILLAC , soci\u00e9t\u00e9 au capital de 170200 euros, inscrite au R.C.S. de BERGERAC sous le num\u00e9ro 921 664 199 RCS Bergerac, dont le si\u00e8ge social est situ\u00e9 au 1385 RTE DE LESTIGNAC, 24240 SIGOULES-ET-FLAUGEAC, repr\u00e9sent\u00e9(e) par Aur\u00e9lien Prouillac d\u00fbment habilit\u00e9(e)<\/span><\/p><br><p dir=\"ltr\" style=\"line-height: 1.38;margin-left: 36pt;text-align: justify;margin-top: 0pt;margin-bottom: 0pt\"><span style=\"font-size: 12pt;font-family: Calibri, sans-serif;vertical-align: baseline;white-space: pre-wrap\">Le num\u00e9ro individuel TVA de l\u2019\u00e9diteur est : FR43 921 664 199.<\/span><\/p><br><p dir=\"ltr\" style=\"line-height: 1.38;text-align: justify;margin-top: 0pt;margin-bottom: 0pt\"><span style=\"font-size: 18pt;font-family: Calibri, sans-serif;font-weight: 700;vertical-align: baseline;white-space: pre-wrap\">H\u00e9bergement<\/span><\/p><p dir=\"ltr\" style=\"line-height: 1.38;margin-left: 36pt;text-align: justify;margin-top: 0pt;margin-bottom: 0pt\"><span style=\"font-size: 12pt;font-family: Calibri, sans-serif;vertical-align: baseline;white-space: pre-wrap\"><br><\/span><span style=\"font-size: 12pt;font-family: Calibri, sans-serif;vertical-align: baseline;white-space: pre-wrap\">Le Site est h\u00e9berg\u00e9 par la soci\u00e9t\u00e9 OVH SAS, situ\u00e9 2 rue Kellermann - BP 80157 - 59053 Roubaix Cedex 1, (contact t\u00e9l\u00e9phonique ou email : 1007).<\/span><\/p><br><p dir=\"ltr\" style=\"line-height: 1.38;text-align: justify;margin-top: 0pt;margin-bottom: 0pt\"><span style=\"font-size: 18pt;font-family: Calibri, sans-serif;font-weight: 700;vertical-align: baseline;white-space: pre-wrap\">Directeur de publication&nbsp;<\/span><\/p><p dir=\"ltr\" style=\"line-height: 1.38;margin-left: 36pt;text-align: justify;margin-top: 0pt;margin-bottom: 0pt\"><span style=\"font-size: 12pt;font-family: Calibri, sans-serif;vertical-align: baseline;white-space: pre-wrap\"><br><\/span><span style=\"font-size: 12pt;font-family: Calibri, sans-serif;vertical-align: baseline;white-space: pre-wrap\">Le Directeur de la publication du Site est Aur\u00e9lien Prouillac .<\/span><\/p><br><p dir=\"ltr\" style=\"line-height: 1.38;text-align: justify;margin-top: 0pt;margin-bottom: 0pt\"><span style=\"font-size: 18pt;font-family: Calibri, sans-serif;font-weight: 700;vertical-align: baseline;white-space: pre-wrap\">Nous contacter&nbsp;<\/span><\/p><p dir=\"ltr\" style=\"line-height: 1.38;margin-left: 36pt;text-align: justify;margin-top: 0pt;margin-bottom: 0pt\"><span style=\"font-size: 12pt;font-family: Calibri, sans-serif;vertical-align: baseline;white-space: pre-wrap\"><br><\/span><span style=\"font-size: 12pt;font-family: Calibri, sans-serif;vertical-align: baseline;white-space: pre-wrap\">Par t\u00e9l\u00e9phone&nbsp;: +33627126090<\/span><\/p><p dir=\"ltr\" style=\"line-height: 1.38;margin-left: 36pt;text-align: justify;margin-top: 0pt;margin-bottom: 0pt\"><span style=\"font-size: 12pt;font-family: Calibri, sans-serif;vertical-align: baseline;white-space: pre-wrap\">Par email&nbsp;: vignoble.prouillac@orange.fr<\/span><\/p><p dir=\"ltr\" style=\"line-height: 1.38;margin-left: 36pt;text-align: justify;margin-top: 0pt;margin-bottom: 0pt\"><span style=\"font-size: 12pt;font-family: Calibri, sans-serif;vertical-align: baseline;white-space: pre-wrap\">Par courrier&nbsp;: VIGNOBLE PROUILLAC, 1385 RTE DE LESTIGNAC 24240 SIGOULES-ET-FLAUGEAC<\/span><\/p><br><p dir=\"ltr\" style=\"line-height: 1.38;text-align: justify;margin-top: 0pt;margin-bottom: 0pt\"><span style=\"font-size: 18pt;font-family: Calibri, sans-serif;font-weight: 700;vertical-align: baseline;white-space: pre-wrap\">Donn\u00e9es personnelles<\/span><\/p><br><p dir=\"ltr\" style=\"line-height: 1.38;margin-left: 36pt;text-align: justify;margin-top: 0pt;margin-bottom: 0pt\"><span style=\"font-size: 12pt;font-family: Calibri, sans-serif;vertical-align: baseline;white-space: pre-wrap\">Le traitement de vos donn\u00e9es \u00e0 caract\u00e8re personnel est r\u00e9gi par notre Charte du respect de la vie priv\u00e9e, disponible depuis la section \"Charte de Protection des Donn\u00e9es Personnelles\", conform\u00e9ment au R\u00e8glement G\u00e9n\u00e9ral sur la Protection des Donn\u00e9es 2016\/679 du 27 avril 2016 (\u00abRGPD\u00bb).<\/span><\/p><\/span><br class=\"Apple-interchange-newline\" style=\"font-weight: 400;text-transform: none;white-space: normal\"><\/h2>\t\t\t\t<\/div>\n\t\t\t\t\t<\/div>\n\t\t\t\t<\/div>\n\t\t\t\t<\/div>","protected":false},"excerpt":{"rendered":"<p>MENTIONS L\u00c9GALES Conform\u00e9ment aux dispositions de la loi n\u00b0 2004-575 du 21 juin 2004 pour la confiance en l&rsquo;\u00e9conomie num\u00e9rique, [&hellip;]<\/p>\n","protected":false},"author":1,"featured_media":0,"parent":0,"menu_order":0,"comment_status":"closed","ping_status":"closed","template":"","meta":{"_uag_custom_page_level_css":"","site-sidebar-layout":"no-sidebar","site-content-layout":"","ast-site-content-layout":"full-width-container","site-content-style":"default","site-sidebar-style":"default","ast-global-header-display":"","ast-banner-title-visibility":"","ast-main-header-display":"","ast-hfb-above-header-display":"","ast-hfb-below-header-display":"","ast-hfb-mobile-header-display":"","site-post-title":"disabled","ast-breadcrumbs-content":"","ast-featured-img":"disabled","footer-sml-layout":"","theme-transparent-header-meta":"","adv-header-id-meta":"","stick-header-meta":"","header-above-stick-meta":"","header-main-stick-meta":"","header-below-stick-meta":"","astra-migrate-meta-layouts":"default","ast-page-background-enabled":"default","ast-page-background-meta":{"desktop":{"background-color":"var(--ast-global-color-4)","background-image":"","background-repeat":"repeat","background-position":"center center","background-size":"auto","background-attachment":"scroll","background-type":"","background-media":"","overlay-type":"","overlay-color":"","overlay-opacity":"","overlay-gradient":""},"tablet":{"background-color":"","background-image":"","background-repeat":"repeat","background-position":"center center","background-size":"auto","background-attachment":"scroll","background-type":"","background-media":"","overlay-type":"","overlay-color":"","overlay-opacity":"","overlay-gradient":""},"mobile":{"background-color":"","background-image":"","background-repeat":"repeat","background-position":"center center","background-size":"auto","background-attachment":"scroll","background-type":"","background-media":"","overlay-type":"","overlay-color":"","overlay-opacity":"","overlay-gradient":""}},"ast-content-background-meta":{"desktop":{"background-color":"var(--ast-global-color-5)","background-image":"","background-repeat":"repeat","background-position":"center center","background-size":"auto","background-attachment":"scroll","background-type":"","background-media":"","overlay-type":"","overlay-color":"","overlay-opacity":"","overlay-gradient":""},"tablet":{"background-color":"var(--ast-global-color-5)","background-image":"","background-repeat":"repeat","background-position":"center center","background-size":"auto","background-attachment":"scroll","background-type":"","background-media":"","overlay-type":"","overlay-color":"","overlay-opacity":"","overlay-gradient":""},"mobile":{"background-color":"var(--ast-global-color-5)","background-image":"","background-repeat":"repeat","background-position":"center center","background-size":"auto","background-attachment":"scroll","background-type":"","background-media":"","overlay-type":"","overlay-color":"","overlay-opacity":"","overlay-gradient":""}},"footnotes":""},"class_list":["post-2812","page","type-page","status-publish","hentry"],"yoast_head":"<!-- This site is optimized with the Yoast SEO plugin v27.4 - https:\/\/yoast.com\/product\/yoast-seo-wordpress\/ -->\n<title>Mentions l\u00e9gales - vignoble prouillac<\/title>\n<meta name=\"robots\" content=\"index, follow, max-snippet:-1, max-image-preview:large, max-video-preview:-1\" \/>\n<link rel=\"canonical\" href=\"https:\/\/www.vignoble-prouillac.com\/en\/mentions-legales\/\" \/>\n<meta property=\"og:locale\" content=\"en_GB\" \/>\n<meta property=\"og:type\" content=\"article\" \/>\n<meta property=\"og:title\" content=\"Mentions l\u00e9gales - vignoble prouillac\" \/>\n<meta property=\"og:description\" content=\"MENTIONS L\u00c9GALES Conform\u00e9ment aux dispositions de la loi n\u00b0 2004-575 du 21 juin 2004 pour la confiance en l&rsquo;\u00e9conomie num\u00e9rique, [&hellip;]\" \/>\n<meta property=\"og:url\" content=\"https:\/\/www.vignoble-prouillac.com\/en\/mentions-legales\/\" \/>\n<meta property=\"og:site_name\" content=\"vignoble prouillac\" \/>\n<meta property=\"article:modified_time\" content=\"2025-12-18T21:50:30+00:00\" \/>\n<meta name=\"twitter:card\" content=\"summary_large_image\" \/>\n<meta name=\"twitter:label1\" content=\"Estimated reading time\" \/>\n\t<meta name=\"twitter:data1\" content=\"2 minutes\" \/>\n<script type=\"application\/ld+json\" class=\"yoast-schema-graph\">{\"@context\":\"https:\\\/\\\/schema.org\",\"@graph\":[{\"@type\":\"WebPage\",\"@id\":\"https:\\\/\\\/www.vignoble-prouillac.com\\\/mentions-legales\\\/\",\"url\":\"https:\\\/\\\/www.vignoble-prouillac.com\\\/mentions-legales\\\/\",\"name\":\"Mentions l\u00e9gales - vignoble prouillac\",\"isPartOf\":{\"@id\":\"https:\\\/\\\/www.vignoble-prouillac.com\\\/#website\"},\"datePublished\":\"2025-12-18T21:49:06+00:00\",\"dateModified\":\"2025-12-18T21:50:30+00:00\",\"breadcrumb\":{\"@id\":\"https:\\\/\\\/www.vignoble-prouillac.com\\\/mentions-legales\\\/#breadcrumb\"},\"inLanguage\":\"en-GB\",\"potentialAction\":[{\"@type\":\"ReadAction\",\"target\":[\"https:\\\/\\\/www.vignoble-prouillac.com\\\/mentions-legales\\\/\"]}]},{\"@type\":\"BreadcrumbList\",\"@id\":\"https:\\\/\\\/www.vignoble-prouillac.com\\\/mentions-legales\\\/#breadcrumb\",\"itemListElement\":[{\"@type\":\"ListItem\",\"position\":1,\"name\":\"Home\",\"item\":\"https:\\\/\\\/www.vignoble-prouillac.com\\\/\"},{\"@type\":\"ListItem\",\"position\":2,\"name\":\"Mentions l\u00e9gales\"}]},{\"@type\":\"WebSite\",\"@id\":\"https:\\\/\\\/www.vignoble-prouillac.com\\\/#website\",\"url\":\"https:\\\/\\\/www.vignoble-prouillac.com\\\/\",\"name\":\"vignoble prouillac\",\"description\":\"\",\"potentialAction\":[{\"@type\":\"SearchAction\",\"target\":{\"@type\":\"EntryPoint\",\"urlTemplate\":\"https:\\\/\\\/www.vignoble-prouillac.com\\\/?s={search_term_string}\"},\"query-input\":{\"@type\":\"PropertyValueSpecification\",\"valueRequired\":true,\"valueName\":\"search_term_string\"}}],\"inLanguage\":\"en-GB\"}]}<\/script>\n<!-- \/ Yoast SEO plugin. -->","yoast_head_json":{"title":"Mentions l\u00e9gales - vignoble prouillac","robots":{"index":"index","follow":"follow","max-snippet":"max-snippet:-1","max-image-preview":"max-image-preview:large","max-video-preview":"max-video-preview:-1"},"canonical":"https:\/\/www.vignoble-prouillac.com\/en\/mentions-legales\/","og_locale":"en_GB","og_type":"article","og_title":"Mentions l\u00e9gales - vignoble prouillac","og_description":"MENTIONS L\u00c9GALES Conform\u00e9ment aux dispositions de la loi n\u00b0 2004-575 du 21 juin 2004 pour la confiance en l&rsquo;\u00e9conomie num\u00e9rique, [&hellip;]","og_url":"https:\/\/www.vignoble-prouillac.com\/en\/mentions-legales\/","og_site_name":"vignoble prouillac","article_modified_time":"2025-12-18T21:50:30+00:00","twitter_card":"summary_large_image","twitter_misc":{"Estimated reading time":"2 minutes"},"schema":{"@context":"https:\/\/schema.org","@graph":[{"@type":"WebPage","@id":"https:\/\/www.vignoble-prouillac.com\/mentions-legales\/","url":"https:\/\/www.vignoble-prouillac.com\/mentions-legales\/","name":"Mentions l\u00e9gales - vignoble prouillac","isPartOf":{"@id":"https:\/\/www.vignoble-prouillac.com\/#website"},"datePublished":"2025-12-18T21:49:06+00:00","dateModified":"2025-12-18T21:50:30+00:00","breadcrumb":{"@id":"https:\/\/www.vignoble-prouillac.com\/mentions-legales\/#breadcrumb"},"inLanguage":"en-GB","potentialAction":[{"@type":"ReadAction","target":["https:\/\/www.vignoble-prouillac.com\/mentions-legales\/"]}]},{"@type":"BreadcrumbList","@id":"https:\/\/www.vignoble-prouillac.com\/mentions-legales\/#breadcrumb","itemListElement":[{"@type":"ListItem","position":1,"name":"Home","item":"https:\/\/www.vignoble-prouillac.com\/"},{"@type":"ListItem","position":2,"name":"Mentions l\u00e9gales"}]},{"@type":"WebSite","@id":"https:\/\/www.vignoble-prouillac.com\/#website","url":"https:\/\/www.vignoble-prouillac.com\/","name":"PROUILLAC VINEYARD","description":"","potentialAction":[{"@type":"SearchAction","target":{"@type":"EntryPoint","urlTemplate":"https:\/\/www.vignoble-prouillac.com\/?s={search_term_string}"},"query-input":{"@type":"PropertyValueSpecification","valueRequired":true,"valueName":"search_term_string"}}],"inLanguage":"en-GB"}]}},"uagb_featured_image_src":{"full":false,"thumbnail":false,"medium":false,"medium_large":false,"large":false,"1536x1536":false,"2048x2048":false,"trp-custom-language-flag":false},"uagb_author_info":{"display_name":"admin3880","author_link":"https:\/\/www.vignoble-prouillac.com\/en\/author\/admin3880\/"},"uagb_comment_info":0,"uagb_excerpt":"MENTIONS L\u00c9GALES Conform\u00e9ment aux dispositions de la loi n\u00b0 2004-575 du 21 juin 2004 pour la confiance en l&rsquo;\u00e9conomie num\u00e9rique, [&hellip;]","_links":{"self":[{"href":"https:\/\/www.vignoble-prouillac.com\/en\/wp-json\/wp\/v2\/pages\/2812","targetHints":{"allow":["GET"]}}],"collection":[{"href":"https:\/\/www.vignoble-prouillac.com\/en\/wp-json\/wp\/v2\/pages"}],"about":[{"href":"https:\/\/www.vignoble-prouillac.com\/en\/wp-json\/wp\/v2\/types\/page"}],"author":[{"embeddable":true,"href":"https:\/\/www.vignoble-prouillac.com\/en\/wp-json\/wp\/v2\/users\/1"}],"replies":[{"embeddable":true,"href":"https:\/\/www.vignoble-prouillac.com\/en\/wp-json\/wp\/v2\/comments?post=2812"}],"version-history":[{"count":4,"href":"https:\/\/www.vignoble-prouillac.com\/en\/wp-json\/wp\/v2\/pages\/2812\/revisions"}],"predecessor-version":[{"id":2816,"href":"https:\/\/www.vignoble-prouillac.com\/en\/wp-json\/wp\/v2\/pages\/2812\/revisions\/2816"}],"wp:attachment":[{"href":"https:\/\/www.vignoble-prouillac.com\/en\/wp-json\/wp\/v2\/media?parent=2812"}],"curies":[{"name":"wp","href":"https:\/\/api.w.org\/{rel}","templated":true}]}}